{"id":7,"date":"2019-09-23T10:46:36","date_gmt":"2019-09-23T08:46:36","guid":{"rendered":"https:\/\/blumeunternehmensberatung.wordpress.com\/?page_id=2"},"modified":"2019-09-24T14:04:58","modified_gmt":"2019-09-24T14:04:58","slug":"home","status":"publish","type":"page","link":"http:\/\/blume-unternehmensberatung.net\/","title":{"rendered":"Home"},"content":{"rendered":"\n<div style=\"height:16px\" aria-hidden=\"true\" class=\"wp-block-spacer desktop-only\"><\/div>\n\n\n\n<h2 class=\"has-text-align-center wp-block-heading\">Willkommen<\/h2>\n\n\n\n<hr class=\"wp-block-separator is-style-wide\"\/>\n\n\n\n<div class=\"wp-block-media-text alignwide is-stacked-on-mobile\" style=\"grid-template-columns:49% auto\"><figure class=\"wp-block-media-text__media\"><img decoding=\"async\" src=\"http:\/\/blume-unternehmensberatung.net\/wp-content\/uploads\/2019\/09\/portrait.jpg?w=763\" alt=\"\" class=\"wp-image-90\"\/><\/figure><div class=\"wp-block-media-text__content\">\n<p>Wir sind eine Inhaber gef\u00fchrte Gesellschaft zur Unterst\u00fctzung von Strategien, Projekten und&nbsp;Gesch\u00e4ftsprozessen.<\/p>\n\n\n\n<p>Unsere detaillierteren eigenen Leistungen entnehmen Sie bitte dem Bereich <a href=\"https:\/\/blumeunternehmensberatung.wordpress.com\/unsere-leistungen\/\">Unsere Leistungen<\/a>. <br>Einen \u00dcberblick \u00fcber unseren bisherigen Einsatz entnehmen Sie <a href=\"http:\/\/www.blume-unternehmensberatung.net\/UeBER-UNS\/\">\u00dc<\/a><a href=\"https:\/\/blumeunternehmensberatung.wordpress.com\/uber-uns\/\">ber Uns<\/a>.<br><\/p>\n\n\n\n<p>Dar\u00fcber hinaus bieten wir einen Einstieg in ein gro\u00dfes Netzwerk an verbundenen Beratungsh\u00e4usern, die andere, \u00e4hnliche und weitreichende Leistungen abdecken k\u00f6nnen und sich so ein Kontakt zu uns jederzeit lohnen wird.<\/p>\n<\/div><\/div>\n","protected":false},"excerpt":{"rendered":"<p>Willkommen Wir sind eine Inhaber gef\u00fchrte Gesellschaft zur Unterst\u00fctzung von Strategien, Projekten und&nbsp;Gesch\u00e4ftsprozessen. Unsere detaillierteren eigenen Leistungen entnehmen Sie bitte<\/p>\n","protected":false},"author":1,"featured_media":0,"parent":0,"menu_order":0,"comment_status":"closed","ping_status":"closed","template":"","meta":{"footnotes":""},"class_list":["post-7","page","type-page","status-publish","hentry"],"_links":{"self":[{"href":"http:\/\/blume-unternehmensberatung.net\/index.php?rest_route=\/wp\/v2\/pages\/7"}],"collection":[{"href":"http:\/\/blume-unternehmensberatung.net\/index.php?rest_route=\/wp\/v2\/pages"}],"about":[{"href":"http:\/\/blume-unternehmensberatung.net\/index.php?rest_route=\/wp\/v2\/types\/page"}],"author":[{"embeddable":true,"href":"http:\/\/blume-unternehmensberatung.net\/index.php?rest_route=\/wp\/v2\/users\/1"}],"replies":[{"embeddable":true,"href":"http:\/\/blume-unternehmensberatung.net\/index.php?rest_route=%2Fwp%2Fv2%2Fcomments&post=7"}],"version-history":[{"count":3,"href":"http:\/\/blume-unternehmensberatung.net\/index.php?rest_route=\/wp\/v2\/pages\/7\/revisions"}],"predecessor-version":[{"id":77,"href":"http:\/\/blume-unternehmensberatung.net\/index.php?rest_route=\/wp\/v2\/pages\/7\/revisions\/77"}],"wp:attachment":[{"href":"http:\/\/blume-unternehmensberatung.net\/index.php?rest_route=%2Fwp%2Fv2%2Fmedia&parent=7"}],"curies":[{"name":"wp","href":"https:\/\/api.w.org\/{rel}","templated":true}]}}