{"id":60,"date":"2019-09-24T13:55:01","date_gmt":"2019-09-24T13:55:01","guid":{"rendered":"http:\/\/blume-unternehmensberatung.net\/?page_id=60"},"modified":"2019-09-24T13:55:01","modified_gmt":"2019-09-24T13:55:01","slug":"workflow-bpm-projekte","status":"publish","type":"page","link":"http:\/\/blume-unternehmensberatung.net\/?page_id=60","title":{"rendered":"Workflow &#8211; &#038; BPM-Projekte"},"content":{"rendered":"\n<p>Workflow- und BPM-Projekte m\u00fcssen eine Vielzahl von Bedingungen unterschiedlichster Art erf\u00fcllen. Automatisierte oder manuelle Prozesse brauchen gleicherma\u00dfen das passende Design. Die Einfl\u00fcsse durch Regularien, Messlatten und menschliche Faktoren sind immens und genau so erforderlich.&nbsp;<\/p>\n\n\n\n<p>Sprechen Sie uns an, wenn Sie dazu Beratung m\u00f6chten!<\/p>\n\n\n\n<p>Unsere Erfahrungen erstrecken sich von der Potenzial-Analyse, \u00fcber die Anbieter-Selektion bis hin zur Implementierung.<\/p>\n\n\n<p><br \/><!--EndFragment--><\/p>","protected":false},"excerpt":{"rendered":"<p>Workflow- und BPM-Projekte m\u00fcssen eine Vielzahl von Bedingungen unterschiedlichster Art erf\u00fcllen. Automatisierte oder manuelle Prozesse brauchen gleicherma\u00dfen das passende Design.<\/p>\n","protected":false},"author":1,"featured_media":0,"parent":0,"menu_order":0,"comment_status":"closed","ping_status":"closed","template":"","meta":{"footnotes":""},"class_list":["post-60","page","type-page","status-publish","hentry"],"_links":{"self":[{"href":"http:\/\/blume-unternehmensberatung.net\/index.php?rest_route=\/wp\/v2\/pages\/60"}],"collection":[{"href":"http:\/\/blume-unternehmensberatung.net\/index.php?rest_route=\/wp\/v2\/pages"}],"about":[{"href":"http:\/\/blume-unternehmensberatung.net\/index.php?rest_route=\/wp\/v2\/types\/page"}],"author":[{"embeddable":true,"href":"http:\/\/blume-unternehmensberatung.net\/index.php?rest_route=\/wp\/v2\/users\/1"}],"replies":[{"embeddable":true,"href":"http:\/\/blume-unternehmensberatung.net\/index.php?rest_route=%2Fwp%2Fv2%2Fcomments&post=60"}],"version-history":[{"count":1,"href":"http:\/\/blume-unternehmensberatung.net\/index.php?rest_route=\/wp\/v2\/pages\/60\/revisions"}],"predecessor-version":[{"id":62,"href":"http:\/\/blume-unternehmensberatung.net\/index.php?rest_route=\/wp\/v2\/pages\/60\/revisions\/62"}],"wp:attachment":[{"href":"http:\/\/blume-unternehmensberatung.net\/index.php?rest_route=%2Fwp%2Fv2%2Fmedia&parent=60"}],"curies":[{"name":"wp","href":"https:\/\/api.w.org\/{rel}","templated":true}]}}