{"id":55,"date":"2019-09-24T13:53:02","date_gmt":"2019-09-24T13:53:02","guid":{"rendered":"http:\/\/blume-unternehmensberatung.net\/?page_id=55"},"modified":"2019-09-24T13:53:02","modified_gmt":"2019-09-24T13:53:02","slug":"wissensmanagement","status":"publish","type":"page","link":"http:\/\/blume-unternehmensberatung.net\/?page_id=55","title":{"rendered":"Wissensmanagement"},"content":{"rendered":"\n<p>Wissensmanagement ist ein besonders interessantes Feld f\u00fcr uns. Die Interaktion eines Menschen mit Kunden, in Teams, in einem Gesch\u00e4ftsprozess ist einer st\u00e4ndigen Ver\u00e4nderung unterlegen.&nbsp;<\/p>\n\n\n\n<p>Wir finden eigentlich nichts schlimmer, als einen Menschen an einem Platz, zu einem Zeitpunkt agieren zu lassen, in der er gar nicht in der Lage ist, die optimale Wirkung zu erreichen.&nbsp;<\/p>\n\n\n\n<p>Heute gibt es die M\u00f6glichkeit Menschen am Arbeitsplatz systemisch so zu unterst\u00fctzen, dass diese optimal wirken k\u00f6nnen.&nbsp;<\/p>\n\n\n\n<p>In der Analyse zu Potenzial, optimaler Wirkung und dem Einsatz von Wissensmanagement-L\u00f6sungen beraten wir Sie gerne.&nbsp;<\/p>\n\n\n\n<p>Wir verkaufen keine Wissensmanagementl\u00f6sungen, sondern m\u00f6chten Ihnen helfen die optimale L\u00f6sung zu finden!<\/p>\n\n\n\n<p>Sprechen Sie uns gerne an, wenn Sie dazu Unterst\u00fctzung brauchen!<\/p>\n","protected":false},"excerpt":{"rendered":"<p>Wissensmanagement ist ein besonders interessantes Feld f\u00fcr uns. Die Interaktion eines Menschen mit Kunden, in Teams, in einem Gesch\u00e4ftsprozess ist<\/p>\n","protected":false},"author":1,"featured_media":0,"parent":0,"menu_order":0,"comment_status":"closed","ping_status":"closed","template":"","meta":{"footnotes":""},"class_list":["post-55","page","type-page","status-publish","hentry"],"_links":{"self":[{"href":"http:\/\/blume-unternehmensberatung.net\/index.php?rest_route=\/wp\/v2\/pages\/55"}],"collection":[{"href":"http:\/\/blume-unternehmensberatung.net\/index.php?rest_route=\/wp\/v2\/pages"}],"about":[{"href":"http:\/\/blume-unternehmensberatung.net\/index.php?rest_route=\/wp\/v2\/types\/page"}],"author":[{"embeddable":true,"href":"http:\/\/blume-unternehmensberatung.net\/index.php?rest_route=\/wp\/v2\/users\/1"}],"replies":[{"embeddable":true,"href":"http:\/\/blume-unternehmensberatung.net\/index.php?rest_route=%2Fwp%2Fv2%2Fcomments&post=55"}],"version-history":[{"count":1,"href":"http:\/\/blume-unternehmensberatung.net\/index.php?rest_route=\/wp\/v2\/pages\/55\/revisions"}],"predecessor-version":[{"id":57,"href":"http:\/\/blume-unternehmensberatung.net\/index.php?rest_route=\/wp\/v2\/pages\/55\/revisions\/57"}],"wp:attachment":[{"href":"http:\/\/blume-unternehmensberatung.net\/index.php?rest_route=%2Fwp%2Fv2%2Fmedia&parent=55"}],"curies":[{"name":"wp","href":"https:\/\/api.w.org\/{rel}","templated":true}]}}