{"id":23,"date":"2019-09-23T11:55:05","date_gmt":"2019-09-23T09:55:05","guid":{"rendered":"https:\/\/blumeunternehmensberatung.wordpress.com\/?page_id=23"},"modified":"2019-09-23T11:55:05","modified_gmt":"2019-09-23T09:55:05","slug":"uber-uns","status":"publish","type":"page","link":"http:\/\/blume-unternehmensberatung.net\/?page_id=23","title":{"rendered":"\u00dcber uns"},"content":{"rendered":"\n<figure class=\"wp-block-image size-large\"><img loading=\"lazy\" decoding=\"async\" width=\"1232\" height=\"353\" src=\"http:\/\/blume-unternehmensberatung.net\/wp-content\/uploads\/2019\/09\/logo2.png?w=1024\" alt=\"\" class=\"wp-image-45\" srcset=\"http:\/\/blume-unternehmensberatung.net\/wp-content\/uploads\/2019\/09\/logo2.png 1232w, http:\/\/blume-unternehmensberatung.net\/wp-content\/uploads\/2019\/09\/logo2-300x86.png 300w, http:\/\/blume-unternehmensberatung.net\/wp-content\/uploads\/2019\/09\/logo2-768x220.png 768w, http:\/\/blume-unternehmensberatung.net\/wp-content\/uploads\/2019\/09\/logo2-1024x293.png 1024w\" sizes=\"(max-width: 1232px) 100vw, 1232px\" \/><\/figure>\n\n\n\n<h2 class=\"wp-block-heading\">Wer wir sind<\/h2>\n\n\n\n<p>In den Kapazit\u00e4ten der Firma verbinden sich Wissen und Erfahrung aus sowohl den Fachbereichen, als auch den IT-Bereichen zu einem Angebot f\u00fcr Beratung und Unterst\u00fctzung. <\/p>\n\n\n\n<p>Da alle Projekte, in den wir in irgendeiner Form beteiligt waren, immer auch technische L\u00f6sungen beinhalteten, legen wir darauf Wert, dass unsere Mitarbeiter sich sowohl auf der Fachseite und auch auf IT-Seite einbringen k\u00f6nnen.&nbsp;<\/p>\n\n\n\n<p>Nehmen Sie gerne mit uns Kontakt auf, wenn Sie hierzu mehr Informationen, Background oder Details wissen m\u00f6chten.<\/p>\n\n\n\n<hr class=\"wp-block-separator is-style-wide\" \/>\n\n\n\n<h2 class=\"wp-block-heading\">Gesch\u00e4ftsf\u00fchrung<\/h2>\n\n\n\n<p>Als Gr\u00fcnder und st\u00e4ndiger Gesch\u00e4ftsf\u00fchrer ist Simon Blume von Anfang an mit dabei.<\/p>\n\n\n\n<p>Simon Blume:<\/p>\n\n\n","protected":false},"excerpt":{"rendered":"<p>Wer wir sind In den Kapazit\u00e4ten der Firma verbinden sich Wissen und Erfahrung aus sowohl den Fachbereichen, als auch den<\/p>\n","protected":false},"author":1,"featured_media":0,"parent":0,"menu_order":0,"comment_status":"closed","ping_status":"closed","template":"","meta":{"footnotes":""},"class_list":["post-23","page","type-page","status-publish","hentry"],"_links":{"self":[{"href":"http:\/\/blume-unternehmensberatung.net\/index.php?rest_route=\/wp\/v2\/pages\/23"}],"collection":[{"href":"http:\/\/blume-unternehmensberatung.net\/index.php?rest_route=\/wp\/v2\/pages"}],"about":[{"href":"http:\/\/blume-unternehmensberatung.net\/index.php?rest_route=\/wp\/v2\/types\/page"}],"author":[{"embeddable":true,"href":"http:\/\/blume-unternehmensberatung.net\/index.php?rest_route=\/wp\/v2\/users\/1"}],"replies":[{"embeddable":true,"href":"http:\/\/blume-unternehmensberatung.net\/index.php?rest_route=%2Fwp%2Fv2%2Fcomments&post=23"}],"version-history":[{"count":0,"href":"http:\/\/blume-unternehmensberatung.net\/index.php?rest_route=\/wp\/v2\/pages\/23\/revisions"}],"wp:attachment":[{"href":"http:\/\/blume-unternehmensberatung.net\/index.php?rest_route=%2Fwp%2Fv2%2Fmedia&parent=23"}],"curies":[{"name":"wp","href":"https:\/\/api.w.org\/{rel}","templated":true}]}}